{"id":13366,"date":"2025-11-07T08:22:22","date_gmt":"2025-11-07T05:22:22","guid":{"rendered":"https:\/\/www.pivasis.com\/contact-form\/"},"modified":"2025-11-14T01:17:58","modified_gmt":"2025-11-13T22:17:58","slug":"contact-form","status":"publish","type":"page","link":"https:\/\/www.pivasis.com\/en\/contact-form\/","title":{"rendered":"Contact form"},"content":{"rendered":"\t\t<div data-elementor-type=\"wp-page\" data-elementor-id=\"13366\" class=\"elementor elementor-13366 elementor-13171\">\n\t\t\t\t\t\t<section class=\"elementor-section elementor-top-section elementor-element elementor-element-74c0ca6f pt-101\npb-65\np-tb-laptop-50 p-tb-tablet-extra-10 elementor-section-boxed elementor-section-height-default elementor-section-height-default cms-section-banner-no\" data-id=\"74c0ca6f\" data-element_type=\"section\" data-e-type=\"section\">\r\n\t\t\t\t\t\t<div class=\"elementor-container elementor-column-gap-default \" >\r\n\t\t\t        <div class=\"elementor-column elementor-col-50 elementor-top-column elementor-element elementor-element-53e91884 pr-10 pr-laptop-0\" data-id=\"53e91884\" data-element_type=\"column\" data-e-type=\"column\">\r\n            <div class=\"elementor-widget-wrap elementor-element-populated\">\r\n                \t\t<div class=\"elementor-element elementor-element-5ad9c795 elementor-widget elementor-widget-cms_quickcontact\" data-id=\"5ad9c795\" data-element_type=\"widget\" data-e-type=\"widget\" data-widget_type=\"cms_quickcontact.default\">\n\t\t\t\t<div class=\"elementor-widget-container\">\n\t\t\t\t\t<div class=\"cms-eqc cms-eqc-3 \">\n\t\t\t<h2 class=\"cms-title text-link-hover text-16 pb-20\">CONTACT<\/h2>\n\t\t\t<a class=\"cms-eqc-item d-flex gap-7 align-items-center no-wrap text-ellipsis text-15 text-body pb-8  cms-address text-grey4 text-hover-accent\" href=\"https:\/\/maps.google.com\/maps?q=%C4%B0mes%20Sanayi%20sit.%20104.%20sk.%2C%20No%3A30%20%0A%C3%9CMRAN%C4%B0YE%20-%20%C4%B0STANBUL&amp;t=m&amp;z=14&amp;iwloc=near\" target=\"_blank\">\n\t\t\t<span class=\"cms-icon cms-icon-color text-accent text-14 cmsi-map-marker\"><\/span>\n\t\t\t<span class=\"cms-address-text text-13\">\u0130mes Sanayi sit. 104. sk., No:30 <br \/>\n\u00dcMRAN\u0130YE - \u0130STANBUL<\/span>\n\t\t<\/a>\n\t\t<a class=\"cms-eqc-item d-flex gap-7 align-items-center no-wrap text-ellipsis text-15 text-body pb-7  cms-email text-grey4 text-hover-accent\" href=\"mailto:info@pivasis.com\" target=\"_blank\">\n\t\t<span class=\"cms-icon cms-icon-color text-accent text-14 cmsi-email\"><\/span>\n        <span class=\"cms-email-title cms-icon-color text-13 text-grey4 \">Email:<\/span>\n\t\t<span class=\"cms-email-text text-13\">info@pivasis.com<\/span>\n\t<\/a>\n\t\t\t<a class=\"cms-eqc-item d-flex gap-7 align-items-center no-wrap text-ellipsis text-15 text-body pb-7  cms-phone text-grey4 text-hover-accent\" href=\"tel:+902166420140\">\n\t\t\t<span class=\"cms-icon cms-icon-color text-accent text-14 cmsi-phone-alt\"><\/span>\n            <span class=\"cms-phone-title cms-icon-color text-13 text-grey4  empty-none\">Phone:<\/span>\n\t\t\t<span class=\"cms-phone-text text-13\">+90 216 642 01 40<\/span>\n\t\t<\/a>\n\t<\/div>\t\t\t\t<\/div>\n\t\t\t\t<\/div>\n\t\t\t\t<div class=\"elementor-element elementor-element-49ddaefc elementor-widget elementor-widget-cms_open_time\" data-id=\"49ddaefc\" data-element_type=\"widget\" data-e-type=\"widget\" data-widget_type=\"cms_open_time.default\">\n\t\t\t\t<div class=\"elementor-widget-container\">\n\t\t\t\t\t<div class=\"cms-eoptime cms-eoptime-1 relative\">\n\t<div class=\"cms-title cms-heading font-500 text-16 text-link-hover empty-none pb-19 mt-n7\">Working Hours<\/div>\n\t\t<div class=\"cms-timelist d-flex flex-column gap-7\">\n\t\t\t\t<div class=\"d-flex justify-content-between\">\n\t\t\t<span class=\"text-13 text-grey4\">Monday-Friday<\/span>\n\t\t\t<span class=\"text-13 text-grey4\">8:00 am - 7:00 pm<\/span>\n\t\t<\/div>\n\t\t\t<\/div>\n\t<\/div>\t\t\t\t<\/div>\n\t\t\t\t<\/div>\n\t\t            <\/div>\r\n        <\/div>\r\n                <div class=\"elementor-column elementor-col-50 elementor-top-column elementor-element elementor-element-22e26562 pl-50 pl-laptop-0\npt-4\" data-id=\"22e26562\" data-element_type=\"column\" data-e-type=\"column\">\r\n            <div class=\"elementor-widget-wrap elementor-element-populated\">\r\n                \t\t<div class=\"elementor-element elementor-element-3664cfd elementor-widget__width-initial elementor-widget elementor-widget-cms_contact_form\" data-id=\"3664cfd\" data-element_type=\"widget\" data-e-type=\"widget\" data-widget_type=\"cms_contact_form.default\">\n\t\t\t\t<div class=\"elementor-widget-container\">\n\t\t\t\t\t<div class=\"cms-ctf7 cms-ctf7-2\">\n\t\t\t<h3 class=\"cms-title cms-heading text-26 pb-14 text-link-hover empty-none\">CONTACT US<\/h3>\n\t\t<div class=\"cms-desc text-15 pb-22 text-grey4 empty-none\">Ask us your questions and we will provide you with detailed answers.<\/div>\n\t\t\n<div class=\"wpcf7 no-js\" id=\"wpcf7-f13417-o1\" lang=\"en-US\" dir=\"ltr\" data-wpcf7-id=\"13417\">\n<div class=\"screen-reader-response\"><p role=\"status\" aria-live=\"polite\" aria-atomic=\"true\"><\/p> <ul><\/ul><\/div>\n<form action=\"\/en\/wp-json\/wp\/v2\/pages\/13366#wpcf7-f13417-o1\" method=\"post\" class=\"wpcf7-form init\" aria-label=\"Contact form\" novalidate=\"novalidate\" data-status=\"init\">\n<fieldset class=\"hidden-fields-container\"><input type=\"hidden\" name=\"_wpcf7\" value=\"13417\" \/><input type=\"hidden\" name=\"_wpcf7_version\" value=\"6.1.5\" \/><input type=\"hidden\" name=\"_wpcf7_locale\" value=\"en_US\" \/><input type=\"hidden\" name=\"_wpcf7_unit_tag\" value=\"wpcf7-f13417-o1\" \/><input type=\"hidden\" name=\"_wpcf7_container_post\" value=\"0\" \/><input type=\"hidden\" name=\"_wpcf7_posted_data_hash\" value=\"\" \/>\n<\/fieldset>\n<div class=\"wpcf7-controls\">\n  <span class=\"wpcf7-form-control-wrap\" data-name=\"your-name\"><input size=\"40\" maxlength=\"400\" class=\"wpcf7-form-control wpcf7-text wpcf7-validates-as-required\" autocomplete=\"name\" aria-required=\"true\" aria-invalid=\"false\" placeholder=\"Your Name\" value=\"\" type=\"text\" name=\"your-name\" \/><\/span>\n\n  <span class=\"wpcf7-form-control-wrap\" data-name=\"your-email\"><input size=\"40\" maxlength=\"400\" class=\"wpcf7-form-control wpcf7-email wpcf7-validates-as-required wpcf7-text wpcf7-validates-as-email\" autocomplete=\"email\" aria-required=\"true\" aria-invalid=\"false\" placeholder=\"Email\" value=\"\" type=\"email\" name=\"your-email\" \/><\/span>\n\n  <span class=\"wpcf7-form-control-wrap\" data-name=\"your-telephone\"><input size=\"40\" maxlength=\"15\" minlength=\"10\" class=\"wpcf7-form-control wpcf7-tel wpcf7-validates-as-required wpcf7-text wpcf7-validates-as-tel wpcf7-phone\" aria-required=\"true\" aria-invalid=\"false\" placeholder=\"Your Phone\" value=\"\" type=\"tel\" name=\"your-telephone\" \/><\/span>\n\n   <span class=\"wpcf7-form-control-wrap\" data-name=\"dropdown-major\"><select class=\"wpcf7-form-control wpcf7-select pl-20\" aria-invalid=\"false\" name=\"dropdown-major\"><option value=\"Choose Your Sector\">Choose Your Sector<\/option><option value=\"Pharmaceutical\">Pharmaceutical<\/option><option value=\"Chemical\">Chemical<\/option><option value=\"Food\">Food<\/option><option value=\"Paint\">Paint<\/option><option value=\"Manufacturing\">Manufacturing<\/option><option value=\"Petro Chemical\">Petro Chemical<\/option><\/select><\/span>\n\n   <span class=\"wpcf7-form-control-wrap\" data-name=\"your-textarea\"><textarea cols=\"40\" rows=\"8\" maxlength=\"2000\" class=\"wpcf7-form-control wpcf7-textarea radius-2\" aria-invalid=\"false\" placeholder=\"Forward\" name=\"your-textarea\"><\/textarea><\/span>\n\n   <button class=\"wpcf7-form-control wpcf7-submit mt-0\" type=\"submit\">Contact Me<\/button>\n<\/div><div class=\"wpcf7-response-output\" aria-hidden=\"true\"><\/div>\n<\/form>\n<\/div>\n<\/div>\t\t\t\t<\/div>\n\t\t\t\t<\/div>\n\t\t            <\/div>\r\n        <\/div>\r\n        \t\t\t<\/div>\r\n\t\t<\/section>\r\n\t\t\t\t<\/div>\n\t\t","protected":false},"excerpt":{"rendered":"<p>CONTACT \u0130mes Sanayi sit. 104. sk., No:30 \u00dcMRAN\u0130YE &#8211; \u0130STANBUL Email: info@pivasis.com Phone: +90 216 642 01 40 Working Hours Monday-Friday 8:00 am &#8211; 7:00 pm CONTACT US Ask us your questions and we will provide you with detailed answers. Sekt\u00f6r\u00fcn\u00fcz\u00fc Se\u00e7in\u0130la\u00e7KimyaG\u0131daBoya\u00dcretimPetro Kimya Benimle \u0130leti\u015fime Ge\u00e7ilsin<\/p>\n","protected":false},"author":2,"featured_media":0,"parent":0,"menu_order":0,"comment_status":"closed","ping_status":"closed","template":"","meta":{"om_disable_all_campaigns":false,"_monsterinsights_skip_tracking":false,"_monsterinsights_sitenote_active":false,"_monsterinsights_sitenote_note":"","_monsterinsights_sitenote_category":0,"footnotes":""},"class_list":["post-13366","page","type-page","status-publish","hentry"],"aioseo_notices":[],"_links":{"self":[{"href":"https:\/\/www.pivasis.com\/en\/wp-json\/wp\/v2\/pages\/13366","targetHints":{"allow":["GET"]}}],"collection":[{"href":"https:\/\/www.pivasis.com\/en\/wp-json\/wp\/v2\/pages"}],"about":[{"href":"https:\/\/www.pivasis.com\/en\/wp-json\/wp\/v2\/types\/page"}],"author":[{"embeddable":true,"href":"https:\/\/www.pivasis.com\/en\/wp-json\/wp\/v2\/users\/2"}],"replies":[{"embeddable":true,"href":"https:\/\/www.pivasis.com\/en\/wp-json\/wp\/v2\/comments?post=13366"}],"version-history":[{"count":4,"href":"https:\/\/www.pivasis.com\/en\/wp-json\/wp\/v2\/pages\/13366\/revisions"}],"predecessor-version":[{"id":13691,"href":"https:\/\/www.pivasis.com\/en\/wp-json\/wp\/v2\/pages\/13366\/revisions\/13691"}],"wp:attachment":[{"href":"https:\/\/www.pivasis.com\/en\/wp-json\/wp\/v2\/media?parent=13366"}],"curies":[{"name":"wp","href":"https:\/\/api.w.org\/{rel}","templated":true}]}}