{"id":13404,"date":"2024-01-24T08:03:19","date_gmt":"2024-01-24T05:03:19","guid":{"rendered":"https:\/\/www.pivasis.com\/about-us\/"},"modified":"2025-11-14T01:11:01","modified_gmt":"2025-11-13T22:11:01","slug":"about-us","status":"publish","type":"page","link":"https:\/\/www.pivasis.com\/en\/about-us\/","title":{"rendered":"About Us"},"content":{"rendered":"\t\t<div data-elementor-type=\"wp-page\" data-elementor-id=\"13404\" class=\"elementor elementor-13404 elementor-908\">\n\t\t\t\t\t\t<section class=\"elementor-section elementor-top-section elementor-element elementor-element-80c58fa elementor-section-full_width elementor-section-height-default elementor-section-height-default cms-full-content-with-space-none cms-section-banner-no\" data-id=\"80c58fa\" data-element_type=\"section\" data-e-type=\"section\">\r\n\t\t\t\t\t\t<div class=\"elementor-container elementor-column-gap-no \" >\r\n\t\t\t        <div class=\"elementor-column elementor-col-100 elementor-top-column elementor-element elementor-element-4b5728f\" data-id=\"4b5728f\" data-element_type=\"column\" data-e-type=\"column\">\r\n            <div class=\"elementor-widget-wrap elementor-element-populated\">\r\n                \t\t<div class=\"elementor-element elementor-element-323016e cms-eptitle-header-transparent-yes cms-eptitle-overlay-1 elementor-widget elementor-widget-cms_page_title\" data-id=\"323016e\" data-element_type=\"widget\" data-e-type=\"widget\" data-widget_type=\"cms_page_title.default\">\n\t\t\t\t<div class=\"elementor-widget-container\">\n\t\t\t\t\t<img decoding=\"async\" width=\"\" height=\"\" src=\"https:\/\/www.pivasis.com\/wp-content\/uploads\/2025\/09\/industrial-interior-of-soft-drinks-factory-with-tu-2024-10-18-04-42-03-utc-kopya.webp\" alt=\"industrial-interior-of-soft-drinks-factory-with-tu-2024-10-18-04-42-03-utc kopya\" class=\"cms-lazy lazy-loading img-cover cms-overlay\" loading=\"lazy\" \/><div class=\"cms-eptitle-overlay cms-overlay\"><\/div><div class=\"cms-eptitle cms-eptitle-1 relative z-top  text-center\">\n\t<div class=\"cms-content container text-center d-flex justify-content-center\">\n\t\t<div class=\"cms--content d-flex justify-content-center\">\n\t\t\t<div class=\"cms-small-title pb-10 w-100 pt-5 text-14 font-700 text-white empty-none\">We Build the Machines of the Future<\/div>\n\t\t\t<h1 class=\"cms-title w-100 text-47 text-tablet-50 text-mobile-40 font-500 lh-1362 text-white w-100 empty-none\">\n\t\t\t\tWe evaluate each plan separately and offer the best solutions...\t\t\t<\/h1>\n\t\t\t\t\t<\/div>\n\t\t\t<\/div>\n<\/div>\t\t\t\t<\/div>\n\t\t\t\t<\/div>\n\t\t            <\/div>\r\n        <\/div>\r\n        \t\t\t<\/div>\r\n\t\t<\/section>\r\n\t\t\t\t<section class=\"elementor-section elementor-top-section elementor-element elementor-element-bf33ea0 pt-90\npb-75\np-tb-laptop-60 p-tb-tablet-extra-40 elementor-section-boxed elementor-section-height-default elementor-section-height-default cms-section-banner-no\" data-id=\"bf33ea0\" data-element_type=\"section\" data-e-type=\"section\">\r\n\t\t\t\t\t\t<div class=\"elementor-container elementor-column-gap-default \" >\r\n\t\t\t        <div class=\"elementor-column elementor-col-100 elementor-top-column elementor-element elementor-element-ea82e00\" data-id=\"ea82e00\" data-element_type=\"column\" data-e-type=\"column\">\r\n            <div class=\"elementor-widget-wrap elementor-element-populated\">\r\n                \t\t<div class=\"elementor-element elementor-element-e2f07b6 pl-100 pl-mobile-0\npb-56 pb-mobile-extra-20 elementor-widget__width-initial elementor-widget-mobile__width-inherit elementor-widget elementor-widget-cms_heading\" data-id=\"e2f07b6\" data-element_type=\"widget\" data-e-type=\"widget\" data-widget_type=\"cms_heading.default\">\n\t\t\t\t<div class=\"elementor-widget-container\">\n\t\t\t\t\t<div class=\"cms-heading-wrap cms-heading-layout1 cms-eheading cms-eheading-1 text-start relative\">\n\t<div class=\"cms-smallheading text-accent font-700 pb-10 empty-none\">High-Quality Machines Are Our Goal<\/div>\n\n\t\t<h2 class=\"cms-heading empty-none text-link-regular lh-1412\">We are an industrial machinery manufacturing company that has been operating since 2012...<\/h2>\n\t\t<\/div>\t\t\t\t<\/div>\n\t\t\t\t<\/div>\n\t\t\t\t<section class=\"elementor-section elementor-inner-section elementor-element elementor-element-13bf483 elementor-section-full_width elementor-section-height-default elementor-section-height-default cms-full-content-with-space-none cms-section-banner-no\" data-id=\"13bf483\" data-element_type=\"section\" data-e-type=\"section\">\r\n\t\t\t\t\t\t<div class=\"elementor-container elementor-column-gap-no \" >\r\n\t\t\t        <div class=\"elementor-column elementor-col-33 elementor-inner-column elementor-element elementor-element-a84190b pt-24 pt-tablet-extra-0\npb-mobile-extra-30 pb-mobile-20\" data-id=\"a84190b\" data-element_type=\"column\" data-e-type=\"column\">\r\n            <div class=\"elementor-widget-wrap elementor-element-populated\">\r\n                \t\t<div class=\"elementor-element elementor-element-0d756f6 pb-6 elementor-widget elementor-widget-cms_text_editor\" data-id=\"0d756f6\" data-element_type=\"widget\" data-e-type=\"widget\" data-widget_type=\"cms_text_editor.default\">\n\t\t\t\t<div class=\"elementor-widget-container\">\n\t\t\t\t\t\n<div class=\"cms-text-editor-wrap d-flex flex-direction-column gap-27 text-16 text-primary-regular\"><p>    pivaSiS is an industrial machine manufacturing company that provides comprehensive services for all kinds of solutions worldwide in the field of Mechanical Engineering.<\/p>\n<\/div>\t\t\t\t<\/div>\n\t\t\t\t<\/div>\n\t\t\t\t<div class=\"elementor-element elementor-element-8a10a05 elementor-widget elementor-widget-cms_text_editor\" data-id=\"8a10a05\" data-element_type=\"widget\" data-e-type=\"widget\" data-widget_type=\"cms_text_editor.default\">\n\t\t\t\t<div class=\"elementor-widget-container\">\n\t\t\t\t\t\n<div class=\"cms-text-editor-wrap d-flex flex-direction-column gap-27 text-16 text-grey\"><p>The world is changing faster than ever, and the business world is no exception. Technology's ability to adapt to change and software's \u201ctakeover of the world\u201d are threatening industries. However, those who embrace change are working to develop bigger, better, faster, and more powerful products than ever before. You are leading this change; we can help you build on your past successes and prepare for the future.<\/p>\n<\/div>\t\t\t\t<\/div>\n\t\t\t\t<\/div>\n\t\t\t\t<div class=\"elementor-element elementor-element-227c574 elementor-widget__width-initial e-transform e-transform elementor-widget elementor-widget-cms_signature\" data-id=\"227c574\" data-element_type=\"widget\" data-e-type=\"widget\" data-settings=\"{&quot;_transform_scale_effect&quot;:{&quot;unit&quot;:&quot;px&quot;,&quot;size&quot;:1.1,&quot;sizes&quot;:[]},&quot;_transform_translateX_effect&quot;:{&quot;unit&quot;:&quot;px&quot;,&quot;size&quot;:&quot;&quot;,&quot;sizes&quot;:[]},&quot;_transform_translateX_effect_laptop&quot;:{&quot;unit&quot;:&quot;px&quot;,&quot;size&quot;:&quot;&quot;,&quot;sizes&quot;:[]},&quot;_transform_translateX_effect_tablet_extra&quot;:{&quot;unit&quot;:&quot;px&quot;,&quot;size&quot;:&quot;&quot;,&quot;sizes&quot;:[]},&quot;_transform_translateX_effect_tablet&quot;:{&quot;unit&quot;:&quot;px&quot;,&quot;size&quot;:&quot;&quot;,&quot;sizes&quot;:[]},&quot;_transform_translateX_effect_mobile_extra&quot;:{&quot;unit&quot;:&quot;px&quot;,&quot;size&quot;:&quot;&quot;,&quot;sizes&quot;:[]},&quot;_transform_translateX_effect_mobile&quot;:{&quot;unit&quot;:&quot;px&quot;,&quot;size&quot;:&quot;&quot;,&quot;sizes&quot;:[]},&quot;_transform_translateY_effect&quot;:{&quot;unit&quot;:&quot;px&quot;,&quot;size&quot;:&quot;&quot;,&quot;sizes&quot;:[]},&quot;_transform_translateY_effect_laptop&quot;:{&quot;unit&quot;:&quot;px&quot;,&quot;size&quot;:&quot;&quot;,&quot;sizes&quot;:[]},&quot;_transform_translateY_effect_tablet_extra&quot;:{&quot;unit&quot;:&quot;px&quot;,&quot;size&quot;:&quot;&quot;,&quot;sizes&quot;:[]},&quot;_transform_translateY_effect_tablet&quot;:{&quot;unit&quot;:&quot;px&quot;,&quot;size&quot;:&quot;&quot;,&quot;sizes&quot;:[]},&quot;_transform_translateY_effect_mobile_extra&quot;:{&quot;unit&quot;:&quot;px&quot;,&quot;size&quot;:&quot;&quot;,&quot;sizes&quot;:[]},&quot;_transform_translateY_effect_mobile&quot;:{&quot;unit&quot;:&quot;px&quot;,&quot;size&quot;:&quot;&quot;,&quot;sizes&quot;:[]},&quot;_transform_scale_effect_laptop&quot;:{&quot;unit&quot;:&quot;px&quot;,&quot;size&quot;:&quot;&quot;,&quot;sizes&quot;:[]},&quot;_transform_scale_effect_tablet_extra&quot;:{&quot;unit&quot;:&quot;px&quot;,&quot;size&quot;:&quot;&quot;,&quot;sizes&quot;:[]},&quot;_transform_scale_effect_tablet&quot;:{&quot;unit&quot;:&quot;px&quot;,&quot;size&quot;:&quot;&quot;,&quot;sizes&quot;:[]},&quot;_transform_scale_effect_mobile_extra&quot;:{&quot;unit&quot;:&quot;px&quot;,&quot;size&quot;:&quot;&quot;,&quot;sizes&quot;:[]},&quot;_transform_scale_effect_mobile&quot;:{&quot;unit&quot;:&quot;px&quot;,&quot;size&quot;:&quot;&quot;,&quot;sizes&quot;:[]}}\" data-widget_type=\"cms_signature.default\">\n\t\t\t\t<div class=\"elementor-widget-container\">\n\t\t\t\t\t<div class=\"cms-signature cms-signature-2 d-flex gap-10 align-items-center justify-content-center\">\n\t<div class=\"stext d-flex flex-auto gap-10 align-items-center\">\n\t\t<img loading=\"lazy\" decoding=\"async\" width=\"82\" height=\"43\" src=\"https:\/\/www.pivasis.com\/wp-content\/uploads\/elementor\/thumbs\/imza-rcd6tdt8u845ef45fb1bquabnihcd60b8x4kv5p8vi.png\" alt=\"imza\" class=\"cms-lazy lazy-loading\" loading=\"lazy\" \/>\t\t<div class=\"cms--signature\">\n\t\t\t<div class=\"sposition text-12 text-primary\">General Manager<\/div>\n\t\t<\/div>\n\t<\/div>\n<\/div>\t\t\t\t<\/div>\n\t\t\t\t<\/div>\n\t\t            <\/div>\r\n        <\/div>\r\n                <div class=\"elementor-column elementor-col-33 elementor-inner-column elementor-element elementor-element-6783759 pl-65 pl-tablet-extra-20 pl-mobile-extra-0\npb-mobile-extra-30\" data-id=\"6783759\" data-element_type=\"column\" data-e-type=\"column\">\r\n            <div class=\"elementor-widget-wrap elementor-element-populated\">\r\n                \t\t<div class=\"elementor-element elementor-element-da7d2f3 cms-video-play-prefix-3 elementor-widget elementor-widget-cms_video_player\" data-id=\"da7d2f3\" data-element_type=\"widget\" data-e-type=\"widget\" data-widget_type=\"cms_video_player.default\">\n\t\t\t\t<div class=\"elementor-widget-container\">\n\t\t\t\t\t<div class=\"cms-evideo cms-evideo-3 relative\">\n<img loading=\"lazy\" decoding=\"async\" width=\"390\" height=\"420\" src=\"https:\/\/www.pivasis.com\/wp-content\/uploads\/elementor\/thumbs\/envato-labs-image-edit-kopya-rc70ediurht3nf1cez5iyeplwiibe5b0yqo6kr5dd4.webp\" alt=\"envato-labs-image-edit kopya\" class=\"cms-lazy lazy-loading\" loading=\"lazy\" \/>            <div class=\"cms-btn-video layout-3 absolute bg-accent text-14 gap-10\" data-elementor-open-lightbox=\"yes\" data-elementor-lightbox=\"{&quot;type&quot;:&quot;video&quot;,&quot;videoType&quot;:&quot;youtube&quot;,&quot;url&quot;:&quot;https:\\\/\\\/www.youtube.com\\\/embed\\\/qQRB1GRzOaA?feature=oembed&amp;loop=0&amp;controls=1&amp;mute=0&amp;rel=0&amp;modestbranding=0&quot;,&quot;modalOptions&quot;:{&quot;id&quot;:&quot;cms-lightbox-&quot;,&quot;entranceAnimation&quot;:&quot;&quot;,&quot;entranceAnimation_tablet&quot;:&quot;&quot;,&quot;entranceAnimation_mobile&quot;:&quot;&quot;,&quot;videoAspectRatio&quot;:169}}\">\n                <div class=\"cms-icon-border cms-transition\">\n                    <i class=\"cms-icon cms-transition text-hover-white text-14 text-white  cmsi-play\" arial-hidden=\"true\"><\/i>                    <span class=\"line-video-animation line-video-1\"><\/span>\n                    <span class=\"line-video-animation line-video-2\"><\/span>\n                    <span class=\"line-video-animation line-video-3\"><\/span>\n                <\/div>\n                <span class=\"cms-text cms-transition empty-none cms-text font-700 text-14 text-white\">We are setting up a facility!<\/span>\n            <\/div>\n        <\/div>\n\t\t\t\t<\/div>\n\t\t\t\t<\/div>\n\t\t            <\/div>\r\n        <\/div>\r\n                <div class=\"elementor-column elementor-col-33 elementor-inner-column elementor-element elementor-element-8e8d826 pl-80 pl-tablet-extra-20 pl-mobile-extra-0\npt-23 pt-tablet-extra-0\" data-id=\"8e8d826\" data-element_type=\"column\" data-e-type=\"column\">\r\n            <div class=\"elementor-widget-wrap elementor-element-populated\">\r\n                \t\t<div class=\"elementor-element elementor-element-327ddec cms-fancy-box-wrap-prefix 2 elementor-widget elementor-widget-cms_fancy_box\" data-id=\"327ddec\" data-element_type=\"widget\" data-e-type=\"widget\" data-widget_type=\"cms_fancy_box.default\">\n\t\t\t\t<div class=\"elementor-widget-container\">\n\t\t\t\t\t<div class=\"cms-fancybox-wrap d-flex gutter-10 flex-col-1 flex-col-smobile-1\">\n\t\t<div class=\"fancy-box-item\" style=\"--gap:28px;\">\n\t\t<div class=\"cms-fancybox cms-fancybox-2 hover-icon-bounce cms-transition bg-transparent p-lr-smobile-20 d-flex gap-10\">\n\t\t\t<div class=\"cms-icon mb-24 text-8 text-accent  cmsi cmsi-dot\" aria-hidden=\"true\"><\/div>            <div class=\"cms-content\">\n                <h4 class=\"cms-title cms-heading text-18 mb-11 text-primary lh-15\">Quality<\/h4>\n\n                <div class=\"cms-desc text-14 text-grey4 empty-none\"><p>We have earned the trust of many customers by improving our service quality.<\/p>\n<\/div>\n            <\/div>\n\t\t<\/div>\n\t<\/div>\n\t<\/div>\n\t\t\t\t<\/div>\n\t\t\t\t<\/div>\n\t\t\t\t<div class=\"elementor-element elementor-element-33b8d11 cms-fancy-box-wrap-prefix 2 elementor-widget elementor-widget-cms_fancy_box\" data-id=\"33b8d11\" data-element_type=\"widget\" data-e-type=\"widget\" data-widget_type=\"cms_fancy_box.default\">\n\t\t\t\t<div class=\"elementor-widget-container\">\n\t\t\t\t\t<div class=\"cms-fancybox-wrap d-flex gutter-10 flex-col-1 flex-col-smobile-1\">\n\t\t<div class=\"fancy-box-item\" style=\"--gap:28px;\">\n\t\t<div class=\"cms-fancybox cms-fancybox-2 hover-icon-bounce cms-transition bg-transparent p-lr-smobile-20 d-flex gap-10\">\n\t\t\t<div class=\"cms-icon mb-24 text-8 text-accent  cmsi cmsi-dot\" aria-hidden=\"true\"><\/div>            <div class=\"cms-content\">\n                <h4 class=\"cms-title cms-heading text-18 mb-11 text-primary lh-15\">Reliability<\/h4>\n\n                <div class=\"cms-desc text-14 text-grey4 empty-none\"><p>We are moving forward with a corporate approach to protect our strong core values that reflect the truth.<\/p>\n<\/div>\n            <\/div>\n\t\t<\/div>\n\t<\/div>\n\t<\/div>\n\t\t\t\t<\/div>\n\t\t\t\t<\/div>\n\t\t\t\t<div class=\"elementor-element elementor-element-35ff106 cms-fancy-box-wrap-prefix 2 elementor-widget elementor-widget-cms_fancy_box\" data-id=\"35ff106\" data-element_type=\"widget\" data-e-type=\"widget\" data-widget_type=\"cms_fancy_box.default\">\n\t\t\t\t<div class=\"elementor-widget-container\">\n\t\t\t\t\t<div class=\"cms-fancybox-wrap d-flex gutter-10 flex-col-1 flex-col-smobile-1\">\n\t\t<div class=\"fancy-box-item\" style=\"--gap:28px;\">\n\t\t<div class=\"cms-fancybox cms-fancybox-2 hover-icon-bounce cms-transition bg-transparent p-lr-smobile-20 d-flex gap-10\">\n\t\t\t<div class=\"cms-icon mb-24 text-8 text-accent  cmsi cmsi-dot\" aria-hidden=\"true\"><\/div>            <div class=\"cms-content\">\n                <h4 class=\"cms-title cms-heading text-18 mb-11 text-primary lh-15\">Innovation<\/h4>\n\n                <div class=\"cms-desc text-14 text-grey4 empty-none\"><p>Our company is evolving with its own unique dynamics, keeping pace with the demands of the times.<\/p>\n<\/div>\n            <\/div>\n\t\t<\/div>\n\t<\/div>\n\t<\/div>\n\t\t\t\t<\/div>\n\t\t\t\t<\/div>\n\t\t            <\/div>\r\n        <\/div>\r\n        \t\t\t<\/div>\r\n\t\t<\/section>\r\n\t\t            <\/div>\r\n        <\/div>\r\n        \t\t\t<\/div>\r\n\t\t<\/section>\r\n\t\t<div class=\"elementor-element elementor-element-13919cd e-flex e-con-boxed e-con e-parent\" data-id=\"13919cd\" data-element_type=\"container\" data-e-type=\"container\">\r\n\t\t\t\t\t<div class=\"e-con-inner\">\r\n\t\t\t\t<div class=\"elementor-element elementor-element-950ed28 elementor-widget elementor-widget-cms_text_editor\" data-id=\"950ed28\" data-element_type=\"widget\" data-e-type=\"widget\" data-widget_type=\"cms_text_editor.default\">\n\t\t\t\t<div class=\"elementor-widget-container\">\n\t\t\t\t\t\n<div class=\"cms-text-editor-wrap d-flex flex-direction-column gap-27 text-16 text-grey\"><p>      pivaSiS Engineering was founded in 2012 by Baha SALGIN. Our founder, Baha SALGIN, graduated with a degree in Mechanical Engineering from YT\u00dc in 2000 and completed his MBA at \u0130T\u00dc in 2003. Since 2003, Baha SALGIN has specialized in the transfer of powdered raw materials and semi-finished products within factories (particularly pneumatic mass transfer), their mixing, dosing, storage, and the synchronized automatic operation of these processes as an integrated facility.<\/p>\n<p>       pivaSiS Engineering began manufacturing its own machines shortly after its establishment in 2014. Its first and flagship product, the pivaCON Vacuum Conveyor, enables the closed-loop transfer (without dusting or polluting the environment) of powdered raw materials or semi-finished products from one point to another within a factory. The entire design and manufacturing of pivaCON is carried out by pivaSiS. Today, pivaCON Vacuum Conveyors operate smoothly in many countries around the world. pivaCON takes pride in being the preferred choice of its customers due to its design advantages over competing companies that claim to be leaders in the global vacuum conveyor market. The first pivaCON Vacuum Conveyors produced in 2015 continue to operate smoothly.<\/p>\n<p>       Following the successful production of the pivaCON Vacuum Conveyor, the design and production of the pivaDENSE Dense Phase Pneumatic Conveying System for the heavy-duty transfer of raw materials and semi-finished products in powder and\/or granular form, design and production of pivaMiX Dry Mixing Mixers with special mixers and special bearing solutions for mixing raw materials and semi-finished products in powder and\/or granular form as dry and\/or slurry, design and production of pivaFiLL Filling and Emptying Units for bigbag emptying, bigbag filling, bag emptying, and bag filling, The design and production of pivaDOSE Dosing Units for dosing powder and\/or granular materials, The design and production of single-layer or multi-layer pivaSiFT Screen Units for separating powder and\/or granular materials according to particle size, Design and production of pivaSiLO Silo Units equipped with special measures required for the storage of bulk materials, Design and production of pivaFLEX Flexible Connection Solutions for flexible connection requirements between equipment, Design and production of pivaPLANT Facilities where the above-mentioned products are implemented as a whole, The design, production, and writing of the necessary PLC and Frequency Converter application software for pivaFAS Industrial Automation Panel Systems, which are the industrial automation applications required for pivaPLANT, are all carried out entirely within pivaSiS Engineering.<\/p>\n<p>        In addition to these products, we also develop and implement pivaBOT Industrial Robots for robotic applications required by evolving and increasingly automated production processes.<\/p>\n<p>       pivaSiS Engineering provides services to many sectors in Turkey and around the world, including food, pharmaceuticals, cosmetics, chemicals, plastics, agriculture, cleaning, construction, and similar industries, where raw materials and semi-finished products in powder and\/or granular form are used or produced. We are proud to count many leading local and international companies in the industry among our references. What excites us most is that our existing customer portfolio repeatedly chooses us and recommends us to other potential customers because they appreciate our professional products and services.<\/p>\n<p>      Today's position was an intermediate goal for us, and we worked hard to get here. We have more goals for the future, and to achieve them, we continue to learn organizationally and produce joint projects with our customers based on a win-win mindset. In our industry, we are succeeding in being the company that develops the latest technology in the world.<\/p>\n<p>      We know very well that the only place where the \u2018system\u2019 is a repeatable \u2018success\u2019 and \u2018success\u2019 comes before \u2018work\u2019 is in dictionaries.<\/p>\n<p>        With the hope that we can experience the pride of working together and the joy of achieving success together!<\/p>\n<\/div>\t\t\t\t<\/div>\n\t\t\t\t<\/div>\n\t\t\t\t\t<\/div>\r\n\t\t\t\t<\/div>\r\n\t\t\t\t<\/div>\n\t\t","protected":false},"excerpt":{"rendered":"<p>We Build the Machines of the Future We evaluate each plan separately and offer the best solutions&#8230; High-Quality Machines Are Our Goal We are an industrial machinery manufacturing company that has been operating since 2012&#8230; pivaSiS is an industrial machine manufacturing company that provides comprehensive services for all kinds of solutions worldwide in the field [&hellip;]<\/p>\n","protected":false},"author":1,"featured_media":0,"parent":0,"menu_order":0,"comment_status":"closed","ping_status":"closed","template":"","meta":{"om_disable_all_campaigns":false,"_monsterinsights_skip_tracking":false,"_monsterinsights_sitenote_active":false,"_monsterinsights_sitenote_note":"","_monsterinsights_sitenote_category":0,"footnotes":""},"class_list":["post-13404","page","type-page","status-publish","hentry"],"aioseo_notices":[],"_links":{"self":[{"href":"https:\/\/www.pivasis.com\/en\/wp-json\/wp\/v2\/pages\/13404","targetHints":{"allow":["GET"]}}],"collection":[{"href":"https:\/\/www.pivasis.com\/en\/wp-json\/wp\/v2\/pages"}],"about":[{"href":"https:\/\/www.pivasis.com\/en\/wp-json\/wp\/v2\/types\/page"}],"author":[{"embeddable":true,"href":"https:\/\/www.pivasis.com\/en\/wp-json\/wp\/v2\/users\/1"}],"replies":[{"embeddable":true,"href":"https:\/\/www.pivasis.com\/en\/wp-json\/wp\/v2\/comments?post=13404"}],"version-history":[{"count":9,"href":"https:\/\/www.pivasis.com\/en\/wp-json\/wp\/v2\/pages\/13404\/revisions"}],"predecessor-version":[{"id":13673,"href":"https:\/\/www.pivasis.com\/en\/wp-json\/wp\/v2\/pages\/13404\/revisions\/13673"}],"wp:attachment":[{"href":"https:\/\/www.pivasis.com\/en\/wp-json\/wp\/v2\/media?parent=13404"}],"curies":[{"name":"wp","href":"https:\/\/api.w.org\/{rel}","templated":true}]}}