{"id":13408,"date":"2024-01-23T08:05:27","date_gmt":"2024-01-23T05:05:27","guid":{"rendered":"https:\/\/www.pivasis.com\/contact\/"},"modified":"2025-11-25T22:11:06","modified_gmt":"2025-11-25T19:11:06","slug":"contact","status":"publish","type":"page","link":"https:\/\/www.pivasis.com\/en\/contact\/","title":{"rendered":"Contact"},"content":{"rendered":"\t\t<div data-elementor-type=\"wp-page\" data-elementor-id=\"13408\" class=\"elementor elementor-13408 elementor-562\">\n\t\t\t\t\t\t<section class=\"elementor-section elementor-top-section elementor-element elementor-element-ee7f742 elementor-section-full_width elementor-section-height-default elementor-section-height-default cms-full-content-with-space-none cms-section-banner-no\" data-id=\"ee7f742\" data-element_type=\"section\" data-e-type=\"section\">\r\n\t\t\t\t\t\t<div class=\"elementor-container elementor-column-gap-no \" >\r\n\t\t\t        <div class=\"elementor-column elementor-col-100 elementor-top-column elementor-element elementor-element-6ceb235\" data-id=\"6ceb235\" data-element_type=\"column\" data-e-type=\"column\">\r\n            <div class=\"elementor-widget-wrap elementor-element-populated\">\r\n                \t\t<div class=\"elementor-element elementor-element-7a4fb58 elementor-widget elementor-widget-cms_google_map\" data-id=\"7a4fb58\" data-element_type=\"widget\" data-e-type=\"widget\" data-widget_type=\"cms_google_map.default\">\n\t\t\t\t<div class=\"elementor-widget-container\">\n\t\t\t\t\t<div class=\"cms-egmap cms-egmap-1 relative\">\n\t<iframe loading=\"lazy\"\n\t\tsrc=\"https:\/\/maps.google.com\/maps?q=Pivasis%20&#038;t=m&#038;z=7&#038;output=embed&#038;iwloc=near\"\n\t\ttitle=\"Pivasis \"\n\t\taria-label=\"Pivasis \"\n\t><\/iframe>\n<\/div>\t\t\t\t<\/div>\n\t\t\t\t<\/div>\n\t\t            <\/div>\r\n        <\/div>\r\n        \t\t\t<\/div>\r\n\t\t<\/section>\r\n\t\t<div class=\"elementor-element elementor-element-65eef8b e-flex e-con-boxed e-con e-parent\" data-id=\"65eef8b\" data-element_type=\"container\" data-e-type=\"container\">\r\n\t\t\t\t\t<div class=\"e-con-inner\">\r\n\t\t\t\t<div class=\"elementor-element elementor-element-c19ba8c cms-swiper-full-start elementor-widget__width-initial elementor-widget elementor-widget-cms_teams\" data-id=\"c19ba8c\" data-element_type=\"widget\" data-e-type=\"widget\" data-settings=\"{&quot;slides_to_show&quot;:&quot;4&quot;,&quot;space_between&quot;:{&quot;unit&quot;:&quot;px&quot;,&quot;size&quot;:0,&quot;sizes&quot;:[]},&quot;slides_to_show_mobile&quot;:&quot;1&quot;,&quot;space_between_laptop&quot;:{&quot;unit&quot;:&quot;px&quot;,&quot;size&quot;:&quot;&quot;,&quot;sizes&quot;:[]},&quot;space_between_tablet_extra&quot;:{&quot;unit&quot;:&quot;px&quot;,&quot;size&quot;:&quot;&quot;,&quot;sizes&quot;:[]},&quot;space_between_tablet&quot;:{&quot;unit&quot;:&quot;px&quot;,&quot;size&quot;:&quot;&quot;,&quot;sizes&quot;:[]},&quot;space_between_mobile_extra&quot;:{&quot;unit&quot;:&quot;px&quot;,&quot;size&quot;:&quot;&quot;,&quot;sizes&quot;:[]},&quot;arrows&quot;:&quot;no&quot;,&quot;dots&quot;:&quot;no&quot;,&quot;infinite&quot;:&quot;yes&quot;,&quot;speed&quot;:500}\" data-widget_type=\"cms_teams.default\">\n\t\t\t\t<div class=\"elementor-widget-container\">\n\t\t\t\t\t<div class=\"cms-eteam cms-eteam-1\">\n    <div class=\"cms-carousel swiper\">\n        <div class=\"swiper-wrapper\">\n                            <div class=\"cms-swiper-item swiper-slide\">\n                    <div class=\"team-avatar relative\"><a class=\"team-name\" href=\"#\" target=\"_blank\" rel=\"nofollow\"><img loading=\"lazy\" decoding=\"async\" width=\"80\" height=\"80\" src=\"https:\/\/www.pivasis.com\/wp-content\/uploads\/2025\/11\/yasir2-80x80.webp\" class=\"cms-lazy lazy-loading swiper-nav-vert w-100\" alt=\"\" loading=\"lazy\" srcset=\"https:\/\/www.pivasis.com\/wp-content\/uploads\/2025\/11\/yasir2-80x80.webp 80w, https:\/\/www.pivasis.com\/wp-content\/uploads\/2025\/11\/yasir2.webp 350w\" sizes=\"auto, (max-width: 80px) 100vw, 80px\" \/><\/a><\/div>                    <div class=\"team-content pt-24 pb-32 p-lr-30 p-lr-smobile-20 mt-n40 text-center bg-white relative z-top\">\n                        <h4 class=\"team-heading cms-heading text-18\">\n                            <a class=\"team-name\" href=\"#\" target=\"_blank\" rel=\"nofollow\">\n                                Yasir YURTSEVEN                            <\/a>\n                        <\/h4>\n                        <div class=\"team-position empty-none text-14 pt-8\">Sat\u0131\u015f Y\u00f6neticisi<\/div>\n                        <div class=\"team-desc empty-none pt-15 text-15\">Makine M\u00fchendisi <br \/>+90 532 214 93 11<\/div>\n                    <\/div>\n                <\/div>\n                                <div class=\"cms-swiper-item swiper-slide\">\n                    <div class=\"team-avatar relative\"><a class=\"team-name\" href=\"#\" target=\"_blank\" rel=\"nofollow\"><img loading=\"lazy\" decoding=\"async\" width=\"80\" height=\"80\" src=\"https:\/\/www.pivasis.com\/wp-content\/uploads\/2025\/10\/Enes-Ozdemir-80x80.webp\" class=\"cms-lazy lazy-loading swiper-nav-vert w-100\" alt=\"\" loading=\"lazy\" srcset=\"https:\/\/www.pivasis.com\/wp-content\/uploads\/2025\/10\/Enes-Ozdemir-80x80.webp 80w, https:\/\/www.pivasis.com\/wp-content\/uploads\/2025\/10\/Enes-Ozdemir.webp 350w\" sizes=\"auto, (max-width: 80px) 100vw, 80px\" \/><\/a><\/div>                    <div class=\"team-content pt-24 pb-32 p-lr-30 p-lr-smobile-20 mt-n40 text-center bg-white relative z-top\">\n                        <h4 class=\"team-heading cms-heading text-18\">\n                            <a class=\"team-name\" href=\"#\" target=\"_blank\" rel=\"nofollow\">\n                                Enes \u00d6ZDEM\u0130R                            <\/a>\n                        <\/h4>\n                        <div class=\"team-position empty-none text-14 pt-8\">Hijyenik Sekt\u00f6rler <br \/> Sat\u0131\u015f Uzman\u0131 <\/div>\n                        <div class=\"team-desc empty-none pt-15 text-15\">Makine M\u00fchendisi <br \/> +90 545 214 93 11<\/div>\n                    <\/div>\n                <\/div>\n                                <div class=\"cms-swiper-item swiper-slide\">\n                    <div class=\"team-avatar relative\"><a class=\"team-name\" href=\"#\" target=\"_blank\" rel=\"nofollow\"><img loading=\"lazy\" decoding=\"async\" width=\"80\" height=\"80\" src=\"https:\/\/www.pivasis.com\/wp-content\/uploads\/2025\/10\/Recep-Ozturk-80x80.webp\" class=\"cms-lazy lazy-loading swiper-nav-vert w-100\" alt=\"\" loading=\"lazy\" srcset=\"https:\/\/www.pivasis.com\/wp-content\/uploads\/2025\/10\/Recep-Ozturk-80x80.webp 80w, https:\/\/www.pivasis.com\/wp-content\/uploads\/2025\/10\/Recep-Ozturk.webp 350w\" sizes=\"auto, (max-width: 80px) 100vw, 80px\" \/><\/a><\/div>                    <div class=\"team-content pt-24 pb-32 p-lr-30 p-lr-smobile-20 mt-n40 text-center bg-white relative z-top\">\n                        <h4 class=\"team-heading cms-heading text-18\">\n                            <a class=\"team-name\" href=\"#\" target=\"_blank\" rel=\"nofollow\">\n                                Recep \u00d6ZT\u00dcRK                            <\/a>\n                        <\/h4>\n                        <div class=\"team-position empty-none text-14 pt-8\">Hijyen Harici Sekt\u00f6rler<br \/>Sat\u0131\u015f Uzman\u0131<\/div>\n                        <div class=\"team-desc empty-none pt-15 text-15\">Makine M\u00fchendisi<br \/>+90 542 137 38 53<\/div>\n                    <\/div>\n                <\/div>\n                                <div class=\"cms-swiper-item swiper-slide\">\n                    <div class=\"team-avatar relative\"><a class=\"team-name\" href=\"#\" target=\"_blank\" rel=\"nofollow\"><img loading=\"lazy\" decoding=\"async\" width=\"80\" height=\"80\" src=\"https:\/\/www.pivasis.com\/wp-content\/uploads\/2025\/10\/Alperen-2-80x80.webp\" class=\"cms-lazy lazy-loading swiper-nav-vert w-100\" alt=\"\" loading=\"lazy\" srcset=\"https:\/\/www.pivasis.com\/wp-content\/uploads\/2025\/10\/Alperen-2-80x80.webp 80w, https:\/\/www.pivasis.com\/wp-content\/uploads\/2025\/10\/Alperen-2.webp 350w\" sizes=\"auto, (max-width: 80px) 100vw, 80px\" \/><\/a><\/div>                    <div class=\"team-content pt-24 pb-32 p-lr-30 p-lr-smobile-20 mt-n40 text-center bg-white relative z-top\">\n                        <h4 class=\"team-heading cms-heading text-18\">\n                            <a class=\"team-name\" href=\"#\" target=\"_blank\" rel=\"nofollow\">\n                                Alperen KARADEM\u0130R                            <\/a>\n                        <\/h4>\n                        <div class=\"team-position empty-none text-14 pt-8\">S\u0131v\u0131 Prosesler<br \/>Sat\u0131\u015f Uzman\u0131<\/div>\n                        <div class=\"team-desc empty-none pt-15 text-15\">Makine M\u00fchendisi <br \/>+90 531 526 59 93<\/div>\n                    <\/div>\n                <\/div>\n                        <\/div>\n    <\/div>\n        <\/div>\t\t\t\t<\/div>\n\t\t\t\t<\/div>\n\t\t\t\t\t<\/div>\r\n\t\t\t\t<\/div>\r\n\t\t\t\t<section class=\"elementor-section elementor-top-section elementor-element elementor-element-1aa7b61 pt-101\npb-65\np-tb-laptop-50 p-tb-tablet-extra-10 elementor-section-boxed elementor-section-height-default elementor-section-height-default cms-section-banner-no\" data-id=\"1aa7b61\" data-element_type=\"section\" data-e-type=\"section\">\r\n\t\t\t\t\t\t<div class=\"elementor-container elementor-column-gap-default \" >\r\n\t\t\t        <div class=\"elementor-column elementor-col-50 elementor-top-column elementor-element elementor-element-3e19360 pr-10 pr-laptop-0\" data-id=\"3e19360\" data-element_type=\"column\" data-e-type=\"column\">\r\n            <div class=\"elementor-widget-wrap elementor-element-populated\">\r\n                \t\t<div class=\"elementor-element elementor-element-dec7681 elementor-widget elementor-widget-cms_quickcontact\" data-id=\"dec7681\" data-element_type=\"widget\" data-e-type=\"widget\" data-widget_type=\"cms_quickcontact.default\">\n\t\t\t\t<div class=\"elementor-widget-container\">\n\t\t\t\t\t<div class=\"cms-eqc cms-eqc-3 \">\n\t\t\t<h2 class=\"cms-title text-link-hover text-16 pb-20\">\u0130LET\u0130\u015e\u0130M<\/h2>\n\t\t\t<a class=\"cms-eqc-item d-flex gap-7 align-items-center no-wrap text-ellipsis text-15 text-body pb-8  cms-address text-grey4 text-hover-accent\" href=\"https:\/\/maps.google.com\/maps?q=%C4%B0mes%20Sanayi%20sit.%20104.%20sk.%2C%20No%3A30%20%0A%C3%9CMRAN%C4%B0YE%20-%20%C4%B0STANBUL&amp;t=m&amp;z=14&amp;iwloc=near\" target=\"_blank\">\n\t\t\t<span class=\"cms-icon cms-icon-color text-accent text-14 cmsi-map-marker\"><\/span>\n\t\t\t<span class=\"cms-address-text text-13\">\u0130mes Sanayi sit. 104. sk., No:30 <br \/>\n\u00dcMRAN\u0130YE - \u0130STANBUL<\/span>\n\t\t<\/a>\n\t\t<a class=\"cms-eqc-item d-flex gap-7 align-items-center no-wrap text-ellipsis text-15 text-body pb-7  cms-email text-grey4 text-hover-accent\" href=\"mailto:info@pivasis.com\" target=\"_blank\">\n\t\t<span class=\"cms-icon cms-icon-color text-accent text-14 cmsi-email\"><\/span>\n        <span class=\"cms-email-title cms-icon-color text-13 text-grey4 \">Email:<\/span>\n\t\t<span class=\"cms-email-text text-13\">info@pivasis.com<\/span>\n\t<\/a>\n\t\t\t<a class=\"cms-eqc-item d-flex gap-7 align-items-center no-wrap text-ellipsis text-15 text-body pb-7  cms-phone text-grey4 text-hover-accent\" href=\"tel:+902166420140\">\n\t\t\t<span class=\"cms-icon cms-icon-color text-accent text-14 cmsi-phone-alt\"><\/span>\n            <span class=\"cms-phone-title cms-icon-color text-13 text-grey4  empty-none\">Phone:<\/span>\n\t\t\t<span class=\"cms-phone-text text-13\">+90 216 642 01 40<\/span>\n\t\t<\/a>\n\t<\/div>\t\t\t\t<\/div>\n\t\t\t\t<\/div>\n\t\t\t\t<div class=\"elementor-element elementor-element-6beea12 elementor-widget elementor-widget-cms_open_time\" data-id=\"6beea12\" data-element_type=\"widget\" data-e-type=\"widget\" data-widget_type=\"cms_open_time.default\">\n\t\t\t\t<div class=\"elementor-widget-container\">\n\t\t\t\t\t<div class=\"cms-eoptime cms-eoptime-1 relative\">\n\t<div class=\"cms-title cms-heading font-500 text-16 text-link-hover empty-none pb-19 mt-n7\">\u00c7al\u0131\u015fma Saatlerimiz<\/div>\n\t\t<div class=\"cms-timelist d-flex flex-column gap-7\">\n\t\t\t\t<div class=\"d-flex justify-content-between\">\n\t\t\t<span class=\"text-13 text-grey4\">Pazartesi-Cuma<\/span>\n\t\t\t<span class=\"text-13 text-grey4\">8:00 am - 7:00 pm<\/span>\n\t\t<\/div>\n\t\t\t<\/div>\n\t<\/div>\t\t\t\t<\/div>\n\t\t\t\t<\/div>\n\t\t            <\/div>\r\n        <\/div>\r\n                <div class=\"elementor-column elementor-col-50 elementor-top-column elementor-element elementor-element-f5c090d\" data-id=\"f5c090d\" data-element_type=\"column\" data-e-type=\"column\">\r\n            <div class=\"elementor-widget-wrap elementor-element-populated\">\r\n                <div class=\"elementor-element elementor-element-2f28238 e-con-full e-flex e-con e-parent\" data-id=\"2f28238\" data-element_type=\"container\" data-e-type=\"container\">\r\n\t\t<div class=\"elementor-element elementor-element-973a2d5 e-grid e-con-full e-con e-child\" data-id=\"973a2d5\" data-element_type=\"container\" data-e-type=\"container\">\r\n\t\t\t\t<div class=\"elementor-element elementor-element-2a81f72 elementor-widget elementor-widget-cms_heading\" data-id=\"2a81f72\" data-element_type=\"widget\" data-e-type=\"widget\" data-widget_type=\"cms_heading.default\">\n\t\t\t\t<div class=\"elementor-widget-container\">\n\t\t\t\t\t<div class=\"cms-heading-wrap cms-heading-layout1 cms-eheading cms-eheading-1 text-start relative\">\n\t<div class=\"cms-smallheading text-accent font-700 pb-10 empty-none\">Sat\u0131\u015f Departman\u0131 i\u00e7in<\/div>\n\n\t\t<h2 class=\"cms-heading empty-none text-heading lh-1412\"><a href=\"tel:+905322149311\">+90 532 214 93 11<\/a><\/h2>\n\t\t<\/div>\t\t\t\t<\/div>\n\t\t\t\t<\/div>\n\t\t\t\t<div class=\"elementor-element elementor-element-e781deb elementor-widget elementor-widget-cms_heading\" data-id=\"e781deb\" data-element_type=\"widget\" data-e-type=\"widget\" data-widget_type=\"cms_heading.default\">\n\t\t\t\t<div class=\"elementor-widget-container\">\n\t\t\t\t\t<div class=\"cms-heading-wrap cms-heading-layout1 cms-eheading cms-eheading-1 text-start relative\">\n\t<div class=\"cms-smallheading text-accent font-700 pb-10 empty-none\">Finans ve Muhasebe Departman\u0131 i\u00e7in<\/div>\n\n\t\t<h2 class=\"cms-heading empty-none text-heading lh-1412\"><a href=\"tel:+905347834837\">+90 534 783 48 37<\/a><\/h2>\n\t\t<\/div>\t\t\t\t<\/div>\n\t\t\t\t<\/div>\n\t\t\t\t<div class=\"elementor-element elementor-element-47ee011 elementor-widget elementor-widget-cms_heading\" data-id=\"47ee011\" data-element_type=\"widget\" data-e-type=\"widget\" data-widget_type=\"cms_heading.default\">\n\t\t\t\t<div class=\"elementor-widget-container\">\n\t\t\t\t\t<div class=\"cms-heading-wrap cms-heading-layout1 cms-eheading cms-eheading-1 text-start relative\">\n\t<div class=\"cms-smallheading text-accent font-700 pb-10 empty-none\">Mekanik \u00dcretim ve Sat\u0131n Al\u0131m\u0131 i\u00e7in<\/div>\n\n\t\t<h2 class=\"cms-heading empty-none text-heading lh-1412\"><a href=\"tel:+905469031572\">+90 546 903 15 72<\/a><\/h2>\n\t\t<\/div>\t\t\t\t<\/div>\n\t\t\t\t<\/div>\n\t\t\t\t<div class=\"elementor-element elementor-element-907afa6 elementor-widget elementor-widget-cms_heading\" data-id=\"907afa6\" data-element_type=\"widget\" data-e-type=\"widget\" data-widget_type=\"cms_heading.default\">\n\t\t\t\t<div class=\"elementor-widget-container\">\n\t\t\t\t\t<div class=\"cms-heading-wrap cms-heading-layout1 cms-eheading cms-eheading-1 text-start relative\">\n\t<div class=\"cms-smallheading text-accent font-700 pb-10 empty-none\">Otomasyon ve Sat\u0131n Al\u0131m\u0131 i\u00e7in<\/div>\n\n\t\t<h2 class=\"cms-heading empty-none text-heading lh-1412\"><a href=\"tel:+905398978403\">+90 539 897 84 03<\/a><\/h2>\n\t\t<\/div>\t\t\t\t<\/div>\n\t\t\t\t<\/div>\n\t\t\t\t<div class=\"elementor-element elementor-element-a52dd2e elementor-widget elementor-widget-cms_heading\" data-id=\"a52dd2e\" data-element_type=\"widget\" data-e-type=\"widget\" data-widget_type=\"cms_heading.default\">\n\t\t\t\t<div class=\"elementor-widget-container\">\n\t\t\t\t\t<div class=\"cms-heading-wrap cms-heading-layout1 cms-eheading cms-eheading-1 text-start relative\">\n\t<div class=\"cms-smallheading text-accent font-700 pb-10 empty-none\">Servis ve Yedek Par\u00e7a i\u00e7in<\/div>\n\n\t\t<h2 class=\"cms-heading empty-none text-heading lh-1412\"><a href=\"tel:+905347834849\">+90 534 783 48 49<\/a><\/h2>\n\t\t<\/div>\t\t\t\t<\/div>\n\t\t\t\t<\/div>\n\t\t\t\t<\/div>\r\n\t\t\t\t<\/div>\r\n\t\t            <\/div>\r\n        <\/div>\r\n        \t\t\t<\/div>\r\n\t\t<\/section>\r\n\t\t<div class=\"elementor-element elementor-element-b0506a2 e-flex e-con-boxed e-con e-parent\" data-id=\"b0506a2\" data-element_type=\"container\" data-e-type=\"container\">\r\n\t\t\t\t\t<div class=\"e-con-inner\">\r\n\t\t\t\t<div class=\"elementor-element elementor-element-4a6de1d elementor-widget elementor-widget-cms_download\" data-id=\"4a6de1d\" data-element_type=\"widget\" data-e-type=\"widget\" data-settings=\"{&quot;_animation&quot;:&quot;none&quot;}\" data-widget_type=\"cms_download.default\">\n\t\t\t\t<div class=\"elementor-widget-container\">\n\t\t\t\t\t<div class=\"cms-edownload pt-35 pb-40 p-tb-tablet-30 p-lr-40 p-lr-tablet-25 p-lr-mobile-extra-20 bg-grey2\">\n\t<h2 class=\"cms-title cms-heading mb-24 text-20 empty-none\">Katalo\u011fumuzu \u0130ndirin<\/h2>\n\t<div class=\"cms-download-list d-flex gap-20 bg-grey2\">        \t<a href=\"https:\/\/www.pivasis.com\/wp-content\/uploads\/2025\/10\/Pivasis-Katalog.pdf\" target=\"_blank\" rel=\"nofollow\" class=\"cms-dowload-item d-flex flex-nowrap bg-secondary text-white text-15 font-700 w-100\">\n\t\t\t\t<cite class=\"font-700\">Pivasis Katalog 2025<\/cite>\n\t\t\t\t<span class=\"bg-white text-center text-9\">PDF<\/span>\n\t\t\t<\/a>\n                \t<a href=\"https:\/\/www.pivasis.com\/wp-content\/uploads\/2025\/10\/pivaCON-brosur.pdf\" target=\"_blank\" rel=\"nofollow\" class=\"cms-dowload-item d-flex flex-nowrap bg-secondary text-white text-15 font-700 w-100\">\n\t\t\t\t<cite class=\"font-700\">Pivacon Katalog 2025<\/cite>\n\t\t\t\t<span class=\"bg-white text-center text-9\">PDF<\/span>\n\t\t\t<\/a>\n        <\/div>\n<\/div>\t\t\t\t<\/div>\n\t\t\t\t<\/div>\n\t\t\t\t\t<\/div>\r\n\t\t\t\t<\/div>\r\n\t\t\t\t<\/div>\n\t\t","protected":false},"excerpt":{"rendered":"<p>Yasir YURTSEVEN Sat\u0131\u015f Y\u00f6neticisi Makine M\u00fchendisi +90 532 214 93 11 Enes \u00d6ZDEM\u0130R Hijyenik Sekt\u00f6rler Sat\u0131\u015f Uzman\u0131 Makine M\u00fchendisi +90 545 214 93 11 Recep \u00d6ZT\u00dcRK Hijyen Harici Sekt\u00f6rlerSat\u0131\u015f Uzman\u0131 Makine M\u00fchendisi+90 542 137 38 53 Alperen KARADEM\u0130R S\u0131v\u0131 ProseslerSat\u0131\u015f Uzman\u0131 Makine M\u00fchendisi +90 531 526 59 93 \u0130LET\u0130\u015e\u0130M \u0130mes Sanayi sit. 104. sk., No:30 [&hellip;]<\/p>\n","protected":false},"author":1,"featured_media":0,"parent":0,"menu_order":0,"comment_status":"closed","ping_status":"closed","template":"","meta":{"om_disable_all_campaigns":false,"_monsterinsights_skip_tracking":false,"_monsterinsights_sitenote_active":false,"_monsterinsights_sitenote_note":"","_monsterinsights_sitenote_category":0,"footnotes":""},"class_list":["post-13408","page","type-page","status-publish","hentry"],"aioseo_notices":[],"_links":{"self":[{"href":"https:\/\/www.pivasis.com\/en\/wp-json\/wp\/v2\/pages\/13408","targetHints":{"allow":["GET"]}}],"collection":[{"href":"https:\/\/www.pivasis.com\/en\/wp-json\/wp\/v2\/pages"}],"about":[{"href":"https:\/\/www.pivasis.com\/en\/wp-json\/wp\/v2\/types\/page"}],"author":[{"embeddable":true,"href":"https:\/\/www.pivasis.com\/en\/wp-json\/wp\/v2\/users\/1"}],"replies":[{"embeddable":true,"href":"https:\/\/www.pivasis.com\/en\/wp-json\/wp\/v2\/comments?post=13408"}],"version-history":[{"count":6,"href":"https:\/\/www.pivasis.com\/en\/wp-json\/wp\/v2\/pages\/13408\/revisions"}],"predecessor-version":[{"id":13763,"href":"https:\/\/www.pivasis.com\/en\/wp-json\/wp\/v2\/pages\/13408\/revisions\/13763"}],"wp:attachment":[{"href":"https:\/\/www.pivasis.com\/en\/wp-json\/wp\/v2\/media?parent=13408"}],"curies":[{"name":"wp","href":"https:\/\/api.w.org\/{rel}","templated":true}]}}