{"id":13469,"date":"2024-01-23T01:25:23","date_gmt":"2024-01-22T22:25:23","guid":{"rendered":"https:\/\/www.pivasis.com\/case-studies\/"},"modified":"2025-11-14T01:13:09","modified_gmt":"2025-11-13T22:13:09","slug":"case-studies","status":"publish","type":"page","link":"https:\/\/www.pivasis.com\/en\/case-studies\/","title":{"rendered":"Case Studies"},"content":{"rendered":"\t\t<div data-elementor-type=\"wp-page\" data-elementor-id=\"13469\" class=\"elementor elementor-13469 elementor-425\">\n\t\t\t\t\t\t<section class=\"elementor-section elementor-top-section elementor-element elementor-element-e8c0a2c elementor-section-full_width elementor-section-height-default elementor-section-height-default cms-full-content-with-space-none cms-section-banner-no\" data-id=\"e8c0a2c\" data-element_type=\"section\" data-e-type=\"section\">\r\n\t\t\t\t\t\t<div class=\"elementor-container elementor-column-gap-no \" >\r\n\t\t\t        <div class=\"elementor-column elementor-col-100 elementor-top-column elementor-element elementor-element-c8c966d\" data-id=\"c8c966d\" data-element_type=\"column\" data-e-type=\"column\">\r\n            <div class=\"elementor-widget-wrap elementor-element-populated\">\r\n                \t\t<div class=\"elementor-element elementor-element-8cbedc3 cms-eptitle-header-transparent-yes cms-eptitle-overlay-1 elementor-widget elementor-widget-cms_page_title\" data-id=\"8cbedc3\" data-element_type=\"widget\" data-e-type=\"widget\" data-widget_type=\"cms_page_title.default\">\n\t\t\t\t<div class=\"elementor-widget-container\">\n\t\t\t\t\t<img decoding=\"async\" width=\"\" height=\"\" src=\"https:\/\/www.pivasis.com\/wp-content\/uploads\/2025\/11\/case-study.webp\" alt=\"case study\" class=\"cms-lazy lazy-loading img-cover cms-overlay\" loading=\"lazy\" \/><div class=\"cms-eptitle-overlay cms-overlay\"><\/div><div class=\"cms-eptitle cms-eptitle-1 relative z-top  text-center\">\n\t<div class=\"cms-content container text-center d-flex justify-content-center\">\n\t\t<div class=\"cms--content d-flex justify-content-center\">\n\t\t\t<div class=\"cms-small-title pb-10 w-100 pt-5 text-14 font-700 text-white empty-none\"><\/div>\n\t\t\t<h1 class=\"cms-title w-100 text-47 text-tablet-50 text-mobile-40 font-500 lh-1362 text-white w-100 empty-none\">\n\t\t\t\t \t\t\t<\/h1>\n\t\t\t\t\t<\/div>\n\t\t\t<\/div>\n<\/div>\t\t\t\t<\/div>\n\t\t\t\t<\/div>\n\t\t            <\/div>\r\n        <\/div>\r\n        \t\t\t<\/div>\r\n\t\t<\/section>\r\n\t\t\t\t<section class=\"elementor-section elementor-top-section elementor-element elementor-element-a1255cd pt-81 pt-tablet-40 pt-mobile-20\npb-86 pb-mobile-40 elementor-section-boxed elementor-section-height-default elementor-section-height-default cms-section-banner-no\" data-id=\"a1255cd\" data-element_type=\"section\" data-e-type=\"section\">\r\n\t\t\t\t\t\t<div class=\"elementor-container elementor-column-gap-default \" >\r\n\t\t\t        <div class=\"elementor-column elementor-col-100 elementor-top-column elementor-element elementor-element-25e9ea1\" data-id=\"25e9ea1\" data-element_type=\"column\" data-e-type=\"column\">\r\n            <div class=\"elementor-widget-wrap elementor-element-populated\">\r\n                \t\t<div class=\"elementor-element elementor-element-532e1c0 elementor-widget elementor-widget-cms_case_study_grid\" data-id=\"532e1c0\" data-element_type=\"widget\" data-e-type=\"widget\" data-widget_type=\"cms_case_study_grid.default\">\n\t\t\t\t<div class=\"elementor-widget-container\">\n\t\t\t\t\t<div id=\"cms_case_study_grid-532e1c0\" class=\"cms-post-grid cms-grid cms-grid-2 cms-case-study-grid-layout2\" data-layout=\"grid\" data-start-page=\"1\" data-max-pages=\"1\" data-total=\"3\" data-perpage=\"6\" data-next-link=\"\">\n            <div class=\"grid-filter-wrap d-flex justify-content-center\">\n            <span class=\"filter-item active\" data-filter=\"*\">ALL<\/span>\n                            <span class=\"filter-item\" data-filter=\"gida|case-study-category\">\n                    G\u0131da                <\/span>\n                            <span class=\"filter-item\" data-filter=\"kimya|case-study-category\">\n                    Kimya                <\/span>\n                    <\/div>\n    \n    <div class=\"cms-grid-content d-flex flex-col-3 flex-col-laptop-3 flex-col-tablet-extra-3 flex-col-tablet-2 flex-col-mobile-extra-1 flex-col-mobile-1 gutter-30 gutter-grid\" style=\"--gutter:40px;--gutter-tablet:30px;--gutter-mobile:20px;\">            <div class=\"cms-item elementor-invisible item-1\" data-settings=\"{&quot;animation&quot;:&quot;zoomIn&quot;,&quot;animation_delay&quot;:0}\">\n                    \n                        <div class=\"cms-transition cms-shadow-2 bg-white h-100\">\n                            <div class=\"cms-thumbnail relative\"><a href=\"https:\/\/www.pivasis.com\/en\/case-study\/recine-tozlar\/\"><img loading=\"lazy\" decoding=\"async\" width=\"370\" height=\"370\" src=\"https:\/\/www.pivasis.com\/wp-content\/uploads\/elementor\/thumbs\/recine-tozlar-re2dpjwlsggqv5uha3wd3e0ptmg9pqe3ujgi13xxis.webp\" alt=\"rec\u0327ine tozlar\" class=\"cms-lazy lazy-loading swiper-nav-vert img-cover\" loading=\"lazy\" style=\"max-height:370px\" \/><\/a><\/div>                            <div class=\"cms-content pt-26 pb-23 p-lr-30 overflow-hidden\"><!--pt-25-->\n                                <h3 class=\"cms-heading text-20 text-line-3 pb-4 lh-145\"><a href=\"https:\/\/www.pivasis.com\/en\/case-study\/recine-tozlar\/\">Re\u00e7ine Tozlar\u0131n\u0131n Pn\u00f6matik Aktar\u0131m\u0131 ve Otomasyon \u00c7\u00f6z\u00fcm\u00fc<\/a><\/h3>\n                                                        <div class=\"cms-thumb-content lh-14375 text-13 pt-5 pb-19\"><a href=\"https:\/\/www.pivasis.com\/case-study-category\/kimya\/\" class=\"cms-term text-accent text-hover-primary\">Kimya<\/a><\/div>\n                                                        <div class=\"cms-excerpt mb-16 text-15 text-line-3 \">\u0130ki farkl\u0131 re\u00e7ine tozunun mikserlerden elekler arac\u0131l\u0131\u011f\u0131yla torba ve bigbag dolum makinelerine aktar\u0131m\u0131<\/div>\n                                                                <div class=\"cms-readmore\">\n                                    <a href=\"https:\/\/www.pivasis.com\/en\/case-study\/recine-tozlar\/\" class=\"text-14 text-secondary text-hover-accent font-700\">\n                                        <span class=\"btn-text\">Read More<\/span>\n                                        <i class=\"btn-icon cmsi-arrow-right cms-transition text-10 text-accent rtl-flip\"><\/i>\n                                    <\/a>\n                                <\/div>\n                            <\/div>\n                        <\/div>\n                                <\/div>\n                    <div class=\"cms-item elementor-invisible item-2\" data-settings=\"{&quot;animation&quot;:&quot;zoomIn&quot;,&quot;animation_delay&quot;:0}\">\n                    \n                        <div class=\"cms-transition cms-shadow-2 bg-white h-100\">\n                            <div class=\"cms-thumbnail relative\"><a href=\"https:\/\/www.pivasis.com\/en\/case-study\/nohut-isleme\/\"><img loading=\"lazy\" decoding=\"async\" width=\"370\" height=\"370\" src=\"https:\/\/www.pivasis.com\/wp-content\/uploads\/elementor\/thumbs\/nohut-case-study-rdtso2e9y2igxm8ib202sv7uvak3c2zcwhud27t8fo.webp\" alt=\"nohut case study\" class=\"cms-lazy lazy-loading swiper-nav-vert img-cover\" loading=\"lazy\" style=\"max-height:370px\" \/><\/a><\/div>                            <div class=\"cms-content pt-26 pb-23 p-lr-30 overflow-hidden\"><!--pt-25-->\n                                <h3 class=\"cms-heading text-20 text-line-3 pb-4 lh-145\"><a href=\"https:\/\/www.pivasis.com\/en\/case-study\/nohut-isleme\/\">Nohut \u0130\u015fleme ve Toz Paketleme Projesi<\/a><\/h3>\n                                                        <div class=\"cms-thumb-content lh-14375 text-13 pt-5 pb-19\"><a href=\"https:\/\/www.pivasis.com\/case-study-category\/gida\/\" class=\"cms-term text-accent text-hover-primary\">G\u0131da<\/a><\/div>\n                                                        <div class=\"cms-excerpt mb-16 text-15 text-line-3 \">M\u00fc\u015fterimizin hammaddesi olan bigbag i\u00e7erisindeki kuru nohut, pivaSiS taraf\u0131ndan tasarlanan pivaCON pn\u00f6matik ta\u015f\u0131ma hatt\u0131 ile mevcut ayr\u0131\u015ft\u0131rma sistemine beslenmi\u015ftir.<\/div>\n                                                                <div class=\"cms-readmore\">\n                                    <a href=\"https:\/\/www.pivasis.com\/en\/case-study\/nohut-isleme\/\" class=\"text-14 text-secondary text-hover-accent font-700\">\n                                        <span class=\"btn-text\">Read More<\/span>\n                                        <i class=\"btn-icon cmsi-arrow-right cms-transition text-10 text-accent rtl-flip\"><\/i>\n                                    <\/a>\n                                <\/div>\n                            <\/div>\n                        <\/div>\n                                <\/div>\n                    <div class=\"cms-item elementor-invisible item-3\" data-settings=\"{&quot;animation&quot;:&quot;zoomIn&quot;,&quot;animation_delay&quot;:0}\">\n                    \n                        <div class=\"cms-transition cms-shadow-2 bg-white h-100\">\n                            <div class=\"cms-thumbnail relative\"><a href=\"https:\/\/www.pivasis.com\/en\/case-study\/sut-tozu\/\"><img loading=\"lazy\" decoding=\"async\" width=\"370\" height=\"370\" src=\"https:\/\/www.pivasis.com\/wp-content\/uploads\/elementor\/thumbs\/Case-study-sut-tozu-rdtxctd6wbin9f49xhxvxs7y4ktc7vwkfq5hpjltdg.webp\" alt=\"Case study su\u0308t tozu\" class=\"cms-lazy lazy-loading swiper-nav-vert img-cover\" loading=\"lazy\" style=\"max-height:370px\" \/><\/a><\/div>                            <div class=\"cms-content pt-26 pb-23 p-lr-30 overflow-hidden\"><!--pt-25-->\n                                <h3 class=\"cms-heading text-20 text-line-3 pb-4 lh-145\"><a href=\"https:\/\/www.pivasis.com\/en\/case-study\/sut-tozu\/\">S\u00fct Tozu ve Peynir Alt\u0131 Suyu Tozu Aktar\u0131m\u0131 Projesi<\/a><\/h3>\n                                                        <div class=\"cms-thumb-content lh-14375 text-13 pt-5 pb-19\"><a href=\"https:\/\/www.pivasis.com\/case-study-category\/gida\/\" class=\"cms-term text-accent text-hover-primary\">G\u0131da<\/a><\/div>\n                                                        <div class=\"cms-excerpt mb-16 text-15 text-line-3 \">S\u00fct tozu ve peynir alt\u0131 suyu tozu gibi hassas hammaddelerin \u00fcretim hatt\u0131na aktar\u0131m\u0131nda ya\u015fanan zorlu\u011fu farkl\u0131 perspektiflerle durumu her a\u00e7\u0131dan inceleyen PivaSiS ekibi, bu duruma&hellip;<\/div>\n                                                                <div class=\"cms-readmore\">\n                                    <a href=\"https:\/\/www.pivasis.com\/en\/case-study\/sut-tozu\/\" class=\"text-14 text-secondary text-hover-accent font-700\">\n                                        <span class=\"btn-text\">Read More<\/span>\n                                        <i class=\"btn-icon cmsi-arrow-right cms-transition text-10 text-accent rtl-flip\"><\/i>\n                                    <\/a>\n                                <\/div>\n                            <\/div>\n                        <\/div>\n                                <\/div>\n        <\/div>\n        <div class=\"cms-grid-overlay\"><\/div>\n<\/div>\t\t\t\t<\/div>\n\t\t\t\t<\/div>\n\t\t            <\/div>\r\n        <\/div>\r\n        \t\t\t<\/div>\r\n\t\t<\/section>\r\n\t\t\t\t<\/div>\n\t\t","protected":false},"excerpt":{"rendered":"<p>ALL G\u0131da Kimya Re\u00e7ine Tozlar\u0131n\u0131n Pn\u00f6matik Aktar\u0131m\u0131 ve Otomasyon \u00c7\u00f6z\u00fcm\u00fc Kimya \u0130ki farkl\u0131 re\u00e7ine tozunun mikserlerden elekler arac\u0131l\u0131\u011f\u0131yla torba ve bigbag dolum makinelerine aktar\u0131m\u0131 Read More Nohut \u0130\u015fleme ve Toz Paketleme Projesi G\u0131da M\u00fc\u015fterimizin hammaddesi olan bigbag i\u00e7erisindeki kuru nohut, pivaSiS taraf\u0131ndan tasarlanan pivaCON pn\u00f6matik ta\u015f\u0131ma hatt\u0131 ile mevcut ayr\u0131\u015ft\u0131rma sistemine beslenmi\u015ftir. Read More S\u00fct [&hellip;]<\/p>\n","protected":false},"author":1,"featured_media":0,"parent":0,"menu_order":0,"comment_status":"closed","ping_status":"closed","template":"","meta":{"om_disable_all_campaigns":false,"_monsterinsights_skip_tracking":false,"_monsterinsights_sitenote_active":false,"_monsterinsights_sitenote_note":"","_monsterinsights_sitenote_category":0,"footnotes":""},"class_list":["post-13469","page","type-page","status-publish","hentry"],"aioseo_notices":[],"_links":{"self":[{"href":"https:\/\/www.pivasis.com\/en\/wp-json\/wp\/v2\/pages\/13469","targetHints":{"allow":["GET"]}}],"collection":[{"href":"https:\/\/www.pivasis.com\/en\/wp-json\/wp\/v2\/pages"}],"about":[{"href":"https:\/\/www.pivasis.com\/en\/wp-json\/wp\/v2\/types\/page"}],"author":[{"embeddable":true,"href":"https:\/\/www.pivasis.com\/en\/wp-json\/wp\/v2\/users\/1"}],"replies":[{"embeddable":true,"href":"https:\/\/www.pivasis.com\/en\/wp-json\/wp\/v2\/comments?post=13469"}],"version-history":[{"count":7,"href":"https:\/\/www.pivasis.com\/en\/wp-json\/wp\/v2\/pages\/13469\/revisions"}],"predecessor-version":[{"id":13682,"href":"https:\/\/www.pivasis.com\/en\/wp-json\/wp\/v2\/pages\/13469\/revisions\/13682"}],"wp:attachment":[{"href":"https:\/\/www.pivasis.com\/en\/wp-json\/wp\/v2\/media?parent=13469"}],"curies":[{"name":"wp","href":"https:\/\/api.w.org\/{rel}","templated":true}]}}